{"id":2219,"date":"2022-01-20T16:22:56","date_gmt":"2022-01-20T16:22:56","guid":{"rendered":"https:\/\/hf-kontor.de\/impressum\/"},"modified":"2022-09-27T08:01:54","modified_gmt":"2022-09-27T08:01:54","slug":"imprint","status":"publish","type":"page","link":"https:\/\/hf-kontor.de\/en\/imprint\/","title":{"rendered":"Imprint"},"content":{"rendered":"<p>[et_pb_section fb_built=&#8221;1&#8243; custom_padding_last_edited=&#8221;on|phone&#8221; _builder_version=&#8221;4.14.4&#8243; background_image=&#8221;https:\/\/hf-kontor.de\/wp-content\/uploads\/2021\/12\/Hintergrund-Startseite-1.jpg&#8221; parallax=&#8221;on&#8221; parallax_method=&#8221;off&#8221; overflow-y=&#8221;visible&#8221; custom_margin=&#8221;0px||0px||false|false&#8221; custom_padding=&#8221;|80px||80px|false|true&#8221; custom_padding_tablet=&#8221;|80px||80px|false|true&#8221; custom_padding_phone=&#8221;|30px||30px|false|true&#8221; background_last_edited=&#8221;on|desktop&#8221; background_enable_image_tablet=&#8221;off&#8221; global_colors_info=&#8221;{}&#8221;][et_pb_row disabled_on=&#8221;on|on|on&#8221; admin_label=&#8221;Abstandshalter Backend&#8221; _builder_version=&#8221;4.14.4&#8243; _module_preset=&#8221;default&#8221; width=&#8221;100%&#8221; disabled=&#8221;on&#8221; saved_tabs=&#8221;all&#8221; collapsed=&#8221;on&#8221; global_colors_info=&#8221;{}&#8221;][et_pb_column type=&#8221;4_4&#8243; _builder_version=&#8221;4.14.4&#8243; _module_preset=&#8221;default&#8221; global_colors_info=&#8221;{}&#8221;][et_pb_divider _builder_version=&#8221;4.14.4&#8243; _module_preset=&#8221;default&#8221; height=&#8221;300px&#8221; global_colors_info=&#8221;{}&#8221;][\/et_pb_divider][\/et_pb_column][\/et_pb_row][et_pb_row custom_padding_last_edited=&#8221;on|phone&#8221; _builder_version=&#8221;4.14.6&#8243; _module_preset=&#8221;default&#8221; width=&#8221;100%&#8221; custom_padding_tablet=&#8221;&#8221; custom_padding_phone=&#8221;0px||||false|false&#8221; hover_enabled=&#8221;0&#8243; global_colors_info=&#8221;{}&#8221; sticky_enabled=&#8221;0&#8243;][et_pb_column type=&#8221;4_4&#8243; _builder_version=&#8221;4.14.4&#8243; _module_preset=&#8221;default&#8221; global_colors_info=&#8221;{}&#8221;][et_pb_text module_class=&#8221;secondary&#8211;heading&#8221; _builder_version=&#8221;4.14.6&#8243; _module_preset=&#8221;default&#8221; global_colors_info=&#8221;{}&#8221;]<\/p>\n<h1 style=\"text-align: center;\">Imprint<\/h1>\n<p>[\/et_pb_text][et_pb_text module_class=&#8221;fliesstext&#8221; _builder_version=&#8221;4.14.6&#8243; _module_preset=&#8221;default&#8221; custom_padding=&#8221;|330px||330px|false|true&#8221; custom_padding_tablet=&#8221;|0px||0px|false|true&#8221; custom_padding_phone=&#8221;|0px||0px|false|true&#8221; custom_padding_last_edited=&#8221;on|desktop&#8221; hover_enabled=&#8221;0&#8243; global_colors_info=&#8221;{}&#8221; sticky_enabled=&#8221;0&#8243;]<\/p>\n<h3><strong>Angaben gem\u00e4\u00df \u00a7 5 TMG:<\/strong><\/h3>\n<p><strong>H&amp;F Handelskontor GmbH<\/strong><br \/>Planckstrasse 13<br \/>22765 Hamburg<br \/>Germany<\/p>\n<p>Mail \/ <em>mail<\/em>: <a href=\"mailto:info@hf-kontor.de\">info@hf-kontor.de<\/a><br \/>Telefon \/ <em>phone<\/em>: +49 (0)40 210 918 5 \u2013 0<br \/>Fax \/ <em>fax<\/em>: +49 (0)40 210 918 5 \u2013 99<\/p>\n<p>Gesch\u00e4ftsf\u00fchrer: Henrik Rauschert, Jan Giza<\/p>\n<p>Amtsgericht HH \/ HRB 148511<br \/>UST-Nr. \/ VAT-No. DE314338275<br \/>EORI: DE592637151800035<\/p>\n<p><strong>Verantwortlich f\u00fcr den Inhalt nach \u00a7 55 Abs. 2 RStV:<\/strong><br \/>H&amp;F Handelskontor GmbH<br \/>Planckstrasse 13<br \/>22765 Hamburg<br \/>Germany<\/p>\n<p><strong>Webdesign and technical implementation<\/strong><br \/>euphorika communications<br \/><a href=\"http:\/\/www.markenbegeisterung.de\" target=\"_blank\" rel=\"noopener\">www.markenbegeisterung.de<\/a><\/p>\n<h3><\/h3>\n<p>&nbsp;<\/p>\n<h3><strong>Haftungsausschluss <em>(Disclaimer)<\/em><\/strong><\/h3>\n<p><strong>Haftung f\u00fcr Inhalte<\/strong><br \/>Als Diensteanbieter sind wir gem\u00e4\u00df \u00a7 7 Abs.1 TMG f\u00fcr eigene Inhalte auf diesen Seiten nach den allgemeinen<br \/>Gesetzen verantwortlich. Nach \u00a7\u00a7 8 bis 10 TMG sind wir als Diensteanbieter jedoch nicht verpflichtet,<br \/>\u00fcbermittelte oder gespeicherte fremde Informationen zu \u00fcberwachen oder nach Umst\u00e4nden zu forschen, die auf<br \/>eine rechtswidrige T\u00e4tigkeit hinweisen. Verpflichtungen zur Entfernung oder Sperrung der Nutzung von<br \/>Informationen nach den allgemeinen Gesetzen bleiben hiervon unber\u00fchrt. Eine diesbez\u00fcgliche Haftung ist<br \/>jedoch erst ab dem Zeitpunkt der Kenntnis einer konkreten Rechtsverletzung m\u00f6glich. Bei Bekanntwerden von<br \/>entsprechenden Rechtsverletzungen werden wir diese Inhalte umgehend entfernen.<\/p>\n<p><strong>Haftung f\u00fcr Links<\/strong><br \/>Unser Angebot enth\u00e4lt Links zu externen Webseiten Dritter, auf deren Inhalte wir keinen Einfluss haben.<br \/>Deshalb k\u00f6nnen wir f\u00fcr diese fremden Inhalte auch keine Gew\u00e4hr \u00fcbernehmen. F\u00fcr die Inhalte der verlinkten<br \/>Seiten ist stets der jeweilige Anbieter oder Betreiber der Seiten verantwortlich. Die verlinkten Seiten wurden zum<br \/>Zeitpunkt der Verlinkung auf m\u00f6gliche Rechtsverst\u00f6\u00dfe \u00fcberpr\u00fcft. Rechtswidrige Inhalte waren zum Zeitpunkt der<br \/>Verlinkung nicht erkennbar. Eine permanente inhaltliche Kontrolle der verlinkten Seiten ist jedoch ohne konkrete<br \/>Anhaltspunkte einer Rechtsverletzung nicht zumutbar. Bei Bekanntwerden von Rechtsverletzungen werden wir<br \/>derartige Links umgehend entfernen.<\/p>\n<p><strong>Urheberrecht<\/strong><br \/>Die durch die Seitenbetreiber erstellten Inhalte und Werke auf diesen Seiten unterliegen dem deutschen<br \/>Urheberrecht. Die Vervielf\u00e4ltigung, Bearbeitung, Verbreitung und jede Art der Verwertung au\u00dferhalb der<br \/>Grenzen des Urheberrechtes bed\u00fcrfen der schriftlichen Zustimmung des jeweiligen Autors bzw. Erstellers.<br \/>Downloads und Kopien dieser Seite sind nur f\u00fcr den privaten, nicht kommerziellen Gebrauch gestattet. Soweit<br \/>die Inhalte auf dieser Seite nicht vom Betreiber erstellt wurden, werden die Urheberrechte Dritter beachtet.<br \/>Insbesondere werden Inhalte Dritter als solche gekennzeichnet. Sollten Sie trotzdem auf eine<br \/>Urheberrechtsverletzung aufmerksam werden, bitten wir um einen entsprechenden Hinweis. Bei Bekanntwerden<br \/>von Rechtsverletzungen werden wir derartige Inhalte umgehend entfernen.<br \/>Hinweis auf EU-Streitschlichtung<br \/>Die Europ\u00e4ische Kommission stellt eine Plattform zur Online-Streitbeilegung (OS) bereit:<br \/><a href=\"http:\/\/ec.europa.eu\/consumers\/odr\" target=\"_blank\" rel=\"noopener\">http:\/\/ec.europa.eu\/consumers\/odr<\/a> \u2013 Die E-Mail-Adresse finden sie oben im Impressum.<\/p>\n<p>[\/et_pb_text][\/et_pb_column][\/et_pb_row][et_pb_row disabled_on=&#8221;on|on|on&#8221; admin_label=&#8221;Abstandshalter Backend&#8221; _builder_version=&#8221;4.14.4&#8243; _module_preset=&#8221;default&#8221; width=&#8221;100%&#8221; disabled=&#8221;on&#8221; saved_tabs=&#8221;all&#8221; collapsed=&#8221;on&#8221; global_colors_info=&#8221;{}&#8221;][et_pb_column type=&#8221;4_4&#8243; _builder_version=&#8221;4.14.4&#8243; _module_preset=&#8221;default&#8221; global_colors_info=&#8221;{}&#8221;][et_pb_divider _builder_version=&#8221;4.14.4&#8243; _module_preset=&#8221;default&#8221; height=&#8221;300px&#8221; global_colors_info=&#8221;{}&#8221;][\/et_pb_divider][\/et_pb_column][\/et_pb_row][et_pb_row disabled_on=&#8221;on|on|on&#8221; admin_label=&#8221;Abstandshalter Backend&#8221; _builder_version=&#8221;4.14.4&#8243; _module_preset=&#8221;default&#8221; width=&#8221;100%&#8221; disabled=&#8221;on&#8221; saved_tabs=&#8221;all&#8221; collapsed=&#8221;on&#8221; global_colors_info=&#8221;{}&#8221;][et_pb_column type=&#8221;4_4&#8243; _builder_version=&#8221;4.14.4&#8243; _module_preset=&#8221;default&#8221; global_colors_info=&#8221;{}&#8221;][et_pb_divider _builder_version=&#8221;4.14.4&#8243; _module_preset=&#8221;default&#8221; height=&#8221;300px&#8221; global_colors_info=&#8221;{}&#8221;][\/et_pb_divider][\/et_pb_column][\/et_pb_row][\/et_pb_section]<\/p>\n","protected":false},"excerpt":{"rendered":"<p>ImprintAngaben gem\u00e4\u00df \u00a7 5 TMG: H&amp;F Handelskontor GmbHPlanckstrasse 1322765 HamburgGermany Mail \/ mail: info@hf-kontor.deTelefon \/ phone: +49 (0)40 210 918 5 \u2013 0Fax \/ fax: +49 (0)40 210 918 5 \u2013 99 Gesch\u00e4ftsf\u00fchrer: Henrik Rauschert, Jan Giza Amtsgericht HH \/ HRB 148511UST-Nr. \/ VAT-No. DE314338275EORI: DE592637151800035 Verantwortlich f\u00fcr den Inhalt nach \u00a7 55 Abs. 2 [&hellip;]<\/p>\n","protected":false},"author":6,"featured_media":0,"parent":0,"menu_order":0,"comment_status":"closed","ping_status":"closed","template":"","meta":{"_et_pb_use_builder":"on","_et_pb_old_content":"","_et_gb_content_width":"","footnotes":""},"class_list":["post-2219","page","type-page","status-publish","hentry"],"yoast_head":"<!-- This site is optimized with the Yoast SEO plugin v27.6 - https:\/\/yoast.com\/product\/yoast-seo-wordpress\/ -->\n<title>Imprint - Henne &amp; Friends<\/title>\n<meta name=\"robots\" content=\"index, follow, max-snippet:-1, max-image-preview:large, max-video-preview:-1\" \/>\n<link rel=\"canonical\" href=\"https:\/\/hf-kontor.de\/en\/imprint\/\" \/>\n<meta property=\"og:locale\" content=\"en_US\" \/>\n<meta property=\"og:type\" content=\"article\" \/>\n<meta property=\"og:title\" content=\"Imprint - Henne &amp; Friends\" \/>\n<meta property=\"og:description\" content=\"ImprintAngaben gem\u00e4\u00df \u00a7 5 TMG: H&amp;F Handelskontor GmbHPlanckstrasse 1322765 HamburgGermany Mail \/ mail: info@hf-kontor.deTelefon \/ phone: +49 (0)40 210 918 5 \u2013 0Fax \/ fax: +49 (0)40 210 918 5 \u2013 99 Gesch\u00e4ftsf\u00fchrer: Henrik Rauschert, Jan Giza Amtsgericht HH \/ HRB 148511UST-Nr. \/ VAT-No. DE314338275EORI: DE592637151800035 Verantwortlich f\u00fcr den Inhalt nach \u00a7 55 Abs. 2 [&hellip;]\" \/>\n<meta property=\"og:url\" content=\"https:\/\/hf-kontor.de\/en\/imprint\/\" \/>\n<meta property=\"og:site_name\" content=\"Henne &amp; Friends\" \/>\n<meta property=\"article:modified_time\" content=\"2022-09-27T08:01:54+00:00\" \/>\n<meta name=\"twitter:card\" content=\"summary_large_image\" \/>\n<meta name=\"twitter:label1\" content=\"Est. reading time\" \/>\n\t<meta name=\"twitter:data1\" content=\"4 minutes\" \/>\n<script type=\"application\/ld+json\" class=\"yoast-schema-graph\">{\"@context\":\"https:\\\/\\\/schema.org\",\"@graph\":[{\"@type\":\"WebPage\",\"@id\":\"https:\\\/\\\/hf-kontor.de\\\/en\\\/imprint\\\/\",\"url\":\"https:\\\/\\\/hf-kontor.de\\\/en\\\/imprint\\\/\",\"name\":\"Imprint - Henne &amp; Friends\",\"isPartOf\":{\"@id\":\"https:\\\/\\\/hf-kontor.de\\\/#website\"},\"datePublished\":\"2022-01-20T16:22:56+00:00\",\"dateModified\":\"2022-09-27T08:01:54+00:00\",\"breadcrumb\":{\"@id\":\"https:\\\/\\\/hf-kontor.de\\\/en\\\/imprint\\\/#breadcrumb\"},\"inLanguage\":\"en-US\",\"potentialAction\":[{\"@type\":\"ReadAction\",\"target\":[\"https:\\\/\\\/hf-kontor.de\\\/en\\\/imprint\\\/\"]}]},{\"@type\":\"BreadcrumbList\",\"@id\":\"https:\\\/\\\/hf-kontor.de\\\/en\\\/imprint\\\/#breadcrumb\",\"itemListElement\":[{\"@type\":\"ListItem\",\"position\":1,\"name\":\"Startseite\",\"item\":\"https:\\\/\\\/hf-kontor.de\\\/en\\\/\"},{\"@type\":\"ListItem\",\"position\":2,\"name\":\"Imprint\"}]},{\"@type\":\"WebSite\",\"@id\":\"https:\\\/\\\/hf-kontor.de\\\/#website\",\"url\":\"https:\\\/\\\/hf-kontor.de\\\/\",\"name\":\"Henne &amp; Friends\",\"description\":\"IHR H\u00c4NDLER UND LIEFERANT F\u00dcR TIEFK\u00dcHLPRODUKTE\",\"publisher\":{\"@id\":\"https:\\\/\\\/hf-kontor.de\\\/#organization\"},\"potentialAction\":[{\"@type\":\"SearchAction\",\"target\":{\"@type\":\"EntryPoint\",\"urlTemplate\":\"https:\\\/\\\/hf-kontor.de\\\/?s={search_term_string}\"},\"query-input\":{\"@type\":\"PropertyValueSpecification\",\"valueRequired\":true,\"valueName\":\"search_term_string\"}}],\"inLanguage\":\"en-US\"},{\"@type\":\"Organization\",\"@id\":\"https:\\\/\\\/hf-kontor.de\\\/#organization\",\"name\":\"H&F Handelskontor GmbH\",\"url\":\"https:\\\/\\\/hf-kontor.de\\\/\",\"logo\":{\"@type\":\"ImageObject\",\"inLanguage\":\"en-US\",\"@id\":\"https:\\\/\\\/hf-kontor.de\\\/#\\\/schema\\\/logo\\\/image\\\/\",\"url\":\"https:\\\/\\\/hf-kontor.de\\\/wp-content\\\/uploads\\\/2022\\\/01\\\/HF-henne-friends-Logo.png\",\"contentUrl\":\"https:\\\/\\\/hf-kontor.de\\\/wp-content\\\/uploads\\\/2022\\\/01\\\/HF-henne-friends-Logo.png\",\"width\":600,\"height\":276,\"caption\":\"H&F Handelskontor GmbH\"},\"image\":{\"@id\":\"https:\\\/\\\/hf-kontor.de\\\/#\\\/schema\\\/logo\\\/image\\\/\"}}]}<\/script>\n<!-- \/ Yoast SEO plugin. -->","yoast_head_json":{"title":"Imprint - Henne &amp; Friends","robots":{"index":"index","follow":"follow","max-snippet":"max-snippet:-1","max-image-preview":"max-image-preview:large","max-video-preview":"max-video-preview:-1"},"canonical":"https:\/\/hf-kontor.de\/en\/imprint\/","og_locale":"en_US","og_type":"article","og_title":"Imprint - Henne &amp; Friends","og_description":"ImprintAngaben gem\u00e4\u00df \u00a7 5 TMG: H&amp;F Handelskontor GmbHPlanckstrasse 1322765 HamburgGermany Mail \/ mail: info@hf-kontor.deTelefon \/ phone: +49 (0)40 210 918 5 \u2013 0Fax \/ fax: +49 (0)40 210 918 5 \u2013 99 Gesch\u00e4ftsf\u00fchrer: Henrik Rauschert, Jan Giza Amtsgericht HH \/ HRB 148511UST-Nr. \/ VAT-No. DE314338275EORI: DE592637151800035 Verantwortlich f\u00fcr den Inhalt nach \u00a7 55 Abs. 2 [&hellip;]","og_url":"https:\/\/hf-kontor.de\/en\/imprint\/","og_site_name":"Henne &amp; Friends","article_modified_time":"2022-09-27T08:01:54+00:00","twitter_card":"summary_large_image","twitter_misc":{"Est. reading time":"4 minutes"},"schema":{"@context":"https:\/\/schema.org","@graph":[{"@type":"WebPage","@id":"https:\/\/hf-kontor.de\/en\/imprint\/","url":"https:\/\/hf-kontor.de\/en\/imprint\/","name":"Imprint - Henne &amp; Friends","isPartOf":{"@id":"https:\/\/hf-kontor.de\/#website"},"datePublished":"2022-01-20T16:22:56+00:00","dateModified":"2022-09-27T08:01:54+00:00","breadcrumb":{"@id":"https:\/\/hf-kontor.de\/en\/imprint\/#breadcrumb"},"inLanguage":"en-US","potentialAction":[{"@type":"ReadAction","target":["https:\/\/hf-kontor.de\/en\/imprint\/"]}]},{"@type":"BreadcrumbList","@id":"https:\/\/hf-kontor.de\/en\/imprint\/#breadcrumb","itemListElement":[{"@type":"ListItem","position":1,"name":"Startseite","item":"https:\/\/hf-kontor.de\/en\/"},{"@type":"ListItem","position":2,"name":"Imprint"}]},{"@type":"WebSite","@id":"https:\/\/hf-kontor.de\/#website","url":"https:\/\/hf-kontor.de\/","name":"Henne &amp; Friends","description":"IHR H\u00c4NDLER UND LIEFERANT F\u00dcR TIEFK\u00dcHLPRODUKTE","publisher":{"@id":"https:\/\/hf-kontor.de\/#organization"},"potentialAction":[{"@type":"SearchAction","target":{"@type":"EntryPoint","urlTemplate":"https:\/\/hf-kontor.de\/?s={search_term_string}"},"query-input":{"@type":"PropertyValueSpecification","valueRequired":true,"valueName":"search_term_string"}}],"inLanguage":"en-US"},{"@type":"Organization","@id":"https:\/\/hf-kontor.de\/#organization","name":"H&F Handelskontor GmbH","url":"https:\/\/hf-kontor.de\/","logo":{"@type":"ImageObject","inLanguage":"en-US","@id":"https:\/\/hf-kontor.de\/#\/schema\/logo\/image\/","url":"https:\/\/hf-kontor.de\/wp-content\/uploads\/2022\/01\/HF-henne-friends-Logo.png","contentUrl":"https:\/\/hf-kontor.de\/wp-content\/uploads\/2022\/01\/HF-henne-friends-Logo.png","width":600,"height":276,"caption":"H&F Handelskontor GmbH"},"image":{"@id":"https:\/\/hf-kontor.de\/#\/schema\/logo\/image\/"}}]}},"_links":{"self":[{"href":"https:\/\/hf-kontor.de\/en\/wp-json\/wp\/v2\/pages\/2219","targetHints":{"allow":["GET"]}}],"collection":[{"href":"https:\/\/hf-kontor.de\/en\/wp-json\/wp\/v2\/pages"}],"about":[{"href":"https:\/\/hf-kontor.de\/en\/wp-json\/wp\/v2\/types\/page"}],"author":[{"embeddable":true,"href":"https:\/\/hf-kontor.de\/en\/wp-json\/wp\/v2\/users\/6"}],"replies":[{"embeddable":true,"href":"https:\/\/hf-kontor.de\/en\/wp-json\/wp\/v2\/comments?post=2219"}],"version-history":[{"count":15,"href":"https:\/\/hf-kontor.de\/en\/wp-json\/wp\/v2\/pages\/2219\/revisions"}],"predecessor-version":[{"id":2559,"href":"https:\/\/hf-kontor.de\/en\/wp-json\/wp\/v2\/pages\/2219\/revisions\/2559"}],"wp:attachment":[{"href":"https:\/\/hf-kontor.de\/en\/wp-json\/wp\/v2\/media?parent=2219"}],"curies":[{"name":"wp","href":"https:\/\/api.w.org\/{rel}","templated":true}]}}